{"id":1333,"date":"2021-10-08T13:33:55","date_gmt":"2021-10-08T13:33:55","guid":{"rendered":"https:\/\/zitt.ch.ownb.it\/?page_id=1333"},"modified":"2023-09-10T08:58:38","modified_gmt":"2023-09-10T08:58:38","slug":"imprint","status":"publish","type":"page","link":"https:\/\/zitt.ch\/en\/imprint\/","title":{"rendered":"Imprint"},"content":{"rendered":"<p><strong>Contact address<\/strong><\/p>\n<p>ZITT Motoren AG<\/p>\n<p>Rainstrasse\u00a03<\/p>\n<p>8143\u00a0Stallikon<\/p>\n<p><strong>Authorised representative<\/strong><\/p>\n<p>Daniel H\u00fcsser<\/p>\n<p><strong>Disclaimer<\/strong><\/p>\n<p>The author assumes no liability whatsoever with regard to the correctness, accuracy, up-to-dateness, reliability and completeness of the information.<br \/>\nLiability claims regarding damage caused by the use of any information provided, including any kind of information which is incomplete or incorrect, will therefore be rejected.<br \/>\nAll offers are non-binding. The author expressly reserves the right to change, supplement or delete parts of the pages or the entire offer without prior notice or to discontinue publication temporarily or permanently.<\/p>\n<p><strong>Liability for links<\/strong><\/p>\n<p>References and links to third party websites are outside our sphere of responsibility. We decline any responsibility for such websites. Access to and use of such websites is at the user&#8217;s own risk.<\/p>\n<p><strong>Copyright<\/strong><\/p>\n<p>The copyrights and all other rights to the content, images, photos or other files on the website belong exclusively to the company ZITT Motoren AG or to the specifically named rights holders. The written consent of the copyright holder must be obtained in advance for the reproduction of any elements.<\/p>\n<p><strong>Data protection<\/strong><\/p>\n<p>Gest\u00fctzt auf Artikel 13 der schweizerischen Bundesverfassung und die datenschutzrechtlichen Bestimmungen des Bundes (Datenschutzgesetz, DSG) hat jede Person Anspruch auf Schutz ihrer Privatsph\u00e4re sowie auf Schutz vor Missbrauch ihrer pers\u00f6nlichen Daten. Wir halten diese Bestimmungen ein. Pers\u00f6nliche Daten werden streng vertraulich behandelt und weder an Dritte verkauft noch weiter gegeben.<br \/>\nIn enger Zusammenarbeit mit unseren Hosting-Providern bem\u00fchen wir uns, die Datenbanken so gut wie m\u00f6glich vor fremden Zugriffen, Verlusten, Missbrauch oder vor F\u00e4lschung zu sch\u00fctzen.<br \/>\nBeim Zugriff auf unsere Webseiten werden folgende Daten in Logfiles gespeichert: IP-Adresse, Datum, Uhrzeit, Browser-Anfrage und allg. \u00fcbertragene Informationen zum Betriebssystem resp. Browser. Diese Nutzungsdaten bilden die Basis f\u00fcr statistische, anonyme Auswertungen, so dass Trends erkennbar sind, anhand derer wir unsere Angebote entsprechend verbessern k\u00f6nnen.<\/p>\n<p><strong>Privacy policy for the use of Google Analytics<\/strong><\/p>\n<p>Diese Website benutzt Google Analytics, einen Webanalysedienst der Google Inc. (\u00abGoogle\u00bb). Google Analytics verwendet sog. \u00abCookies\u00bb, Textdateien, die auf Ihrem Computer gespeichert werden und die eine Analyse der Benutzung der Website durch Sie erm\u00f6glichen. Die durch den Cookie erzeugten Informationen \u00fcber Ihre Benutzung dieser Website werden in der Regel an einen Server von Google in den USA \u00fcbertragen und dort gespeichert. Im Falle der Aktivierung der IP-Anonymisierung auf dieser Webseite wird Ihre IP-Adresse von Google jedoch innerhalb von Mitgliedstaaten der Europ\u00e4ischen Union oder in anderen Vertragsstaaten des Abkommens \u00fcber den Europ\u00e4ischen Wirtschaftsraum zuvor gek\u00fcrzt.<br \/>\nNur in Ausnahmef\u00e4llen wird die volle IP-Adresse an einen Server von Google in den USA \u00fcbertragen und dort gek\u00fcrzt. Google wird diese Informationen benutzen, um Ihre Nutzung der Website auszuwerten, um Reports \u00fcber die Websiteaktivit\u00e4ten f\u00fcr die Websitebetreiber zusammenzustellen und um weitere mit der Websitenutzung und der Internetnutzung verbundene Dienstleistungen zu erbringen. Auch wird Google diese Informationen gegebenenfalls an Dritte \u00fcbertragen, sofern dies gesetzlich vorgeschrieben oder soweit Dritte diese Daten im Auftrag von Google verarbeiten. Die im Rahmen von Google Analytics von Ihrem Browser \u00fcbermittelte IP-Adresse wird nicht mit anderen Daten von Google zusammengef\u00fchrt.<br \/>\nSie k\u00f6nnen die Installation der Cookies durch eine entsprechende Einstellung Ihrer Browser Software verhindern; wir weisen Sie jedoch darauf hin, dass Sie in diesem Fall gegebenenfalls nicht s\u00e4mtliche Funktionen dieser Website voll umf\u00e4nglich nutzen k\u00f6nnen. Durch die Nutzung dieser Website erkl\u00e4ren Sie sich mit der Bearbeitung der \u00fcber Sie erhobenen Daten durch Google in der zuvor beschriebenen Art und Weise und zu dem zuvor benannten Zweck einverstanden.<\/p>\n","protected":false},"excerpt":{"rendered":"<p>Contact address ZITT Motoren AG Rainstrasse\u00a03 8143\u00a0Stallikon Authorised representative Daniel H\u00fcsser Disclaimer The author assumes no liability whatsoever with regard to the correctness, accuracy, up-to-dateness, reliability and completeness of the information. Liability claims regarding damage caused by the use of any information provided, including any kind of information which is incomplete or incorrect, will therefore [&hellip;]<\/p>\n","protected":false},"author":3,"featured_media":0,"parent":0,"menu_order":0,"comment_status":"closed","ping_status":"closed","template":"","meta":{"_acf_changed":false,"footnotes":""},"class_list":["post-1333","page","type-page","status-publish","hentry"],"acf":[],"yoast_head":"<!-- This site is optimized with the Yoast SEO plugin v27.4 - https:\/\/yoast.com\/product\/yoast-seo-wordpress\/ -->\n<title>Imprint - zitt motoren<\/title>\n<meta name=\"robots\" content=\"index, follow, max-snippet:-1, max-image-preview:large, max-video-preview:-1\" \/>\n<link rel=\"canonical\" href=\"https:\/\/zitt.ch\/en\/imprint\/\" \/>\n<meta property=\"og:locale\" content=\"en_US\" \/>\n<meta property=\"og:type\" content=\"article\" \/>\n<meta property=\"og:title\" content=\"Imprint - zitt motoren\" \/>\n<meta property=\"og:description\" content=\"Contact address ZITT Motoren AG Rainstrasse\u00a03 8143\u00a0Stallikon Authorised representative Daniel H\u00fcsser Disclaimer The author assumes no liability whatsoever with regard to the correctness, accuracy, up-to-dateness, reliability and completeness of the information. Liability claims regarding damage caused by the use of any information provided, including any kind of information which is incomplete or incorrect, will therefore [&hellip;]\" \/>\n<meta property=\"og:url\" content=\"https:\/\/zitt.ch\/en\/imprint\/\" \/>\n<meta property=\"og:site_name\" content=\"zitt motoren\" \/>\n<meta property=\"article:modified_time\" content=\"2023-09-10T08:58:38+00:00\" \/>\n<meta name=\"twitter:card\" content=\"summary_large_image\" \/>\n<meta name=\"twitter:label1\" content=\"Est. reading time\" \/>\n\t<meta name=\"twitter:data1\" content=\"4 minutes\" \/>\n<script type=\"application\/ld+json\" class=\"yoast-schema-graph\">{\"@context\":\"https:\\\/\\\/schema.org\",\"@graph\":[{\"@type\":\"WebPage\",\"@id\":\"https:\\\/\\\/zitt.ch\\\/en\\\/imprint\\\/\",\"url\":\"https:\\\/\\\/zitt.ch\\\/en\\\/imprint\\\/\",\"name\":\"Imprint - zitt motoren\",\"isPartOf\":{\"@id\":\"https:\\\/\\\/zitt.ch\\\/en\\\/#website\"},\"datePublished\":\"2021-10-08T13:33:55+00:00\",\"dateModified\":\"2023-09-10T08:58:38+00:00\",\"inLanguage\":\"en-US\",\"potentialAction\":[{\"@type\":\"ReadAction\",\"target\":[\"https:\\\/\\\/zitt.ch\\\/en\\\/imprint\\\/\"]}]},{\"@type\":\"WebSite\",\"@id\":\"https:\\\/\\\/zitt.ch\\\/en\\\/#website\",\"url\":\"https:\\\/\\\/zitt.ch\\\/en\\\/\",\"name\":\"zitt motoren\",\"description\":\"\",\"potentialAction\":[{\"@type\":\"SearchAction\",\"target\":{\"@type\":\"EntryPoint\",\"urlTemplate\":\"https:\\\/\\\/zitt.ch\\\/en\\\/?s={search_term_string}\"},\"query-input\":{\"@type\":\"PropertyValueSpecification\",\"valueRequired\":true,\"valueName\":\"search_term_string\"}}],\"inLanguage\":\"en-US\"}]}<\/script>\n<!-- \/ Yoast SEO plugin. -->","yoast_head_json":{"title":"Imprint - zitt motoren","robots":{"index":"index","follow":"follow","max-snippet":"max-snippet:-1","max-image-preview":"max-image-preview:large","max-video-preview":"max-video-preview:-1"},"canonical":"https:\/\/zitt.ch\/en\/imprint\/","og_locale":"en_US","og_type":"article","og_title":"Imprint - zitt motoren","og_description":"Contact address ZITT Motoren AG Rainstrasse\u00a03 8143\u00a0Stallikon Authorised representative Daniel H\u00fcsser Disclaimer The author assumes no liability whatsoever with regard to the correctness, accuracy, up-to-dateness, reliability and completeness of the information. Liability claims regarding damage caused by the use of any information provided, including any kind of information which is incomplete or incorrect, will therefore [&hellip;]","og_url":"https:\/\/zitt.ch\/en\/imprint\/","og_site_name":"zitt motoren","article_modified_time":"2023-09-10T08:58:38+00:00","twitter_card":"summary_large_image","twitter_misc":{"Est. reading time":"4 minutes"},"schema":{"@context":"https:\/\/schema.org","@graph":[{"@type":"WebPage","@id":"https:\/\/zitt.ch\/en\/imprint\/","url":"https:\/\/zitt.ch\/en\/imprint\/","name":"Imprint - zitt motoren","isPartOf":{"@id":"https:\/\/zitt.ch\/en\/#website"},"datePublished":"2021-10-08T13:33:55+00:00","dateModified":"2023-09-10T08:58:38+00:00","inLanguage":"en-US","potentialAction":[{"@type":"ReadAction","target":["https:\/\/zitt.ch\/en\/imprint\/"]}]},{"@type":"WebSite","@id":"https:\/\/zitt.ch\/en\/#website","url":"https:\/\/zitt.ch\/en\/","name":"zitt motoren","description":"","potentialAction":[{"@type":"SearchAction","target":{"@type":"EntryPoint","urlTemplate":"https:\/\/zitt.ch\/en\/?s={search_term_string}"},"query-input":{"@type":"PropertyValueSpecification","valueRequired":true,"valueName":"search_term_string"}}],"inLanguage":"en-US"}]}},"_links":{"self":[{"href":"https:\/\/zitt.ch\/en\/wp-json\/wp\/v2\/pages\/1333","targetHints":{"allow":["GET"]}}],"collection":[{"href":"https:\/\/zitt.ch\/en\/wp-json\/wp\/v2\/pages"}],"about":[{"href":"https:\/\/zitt.ch\/en\/wp-json\/wp\/v2\/types\/page"}],"author":[{"embeddable":true,"href":"https:\/\/zitt.ch\/en\/wp-json\/wp\/v2\/users\/3"}],"replies":[{"embeddable":true,"href":"https:\/\/zitt.ch\/en\/wp-json\/wp\/v2\/comments?post=1333"}],"version-history":[{"count":3,"href":"https:\/\/zitt.ch\/en\/wp-json\/wp\/v2\/pages\/1333\/revisions"}],"predecessor-version":[{"id":1365,"href":"https:\/\/zitt.ch\/en\/wp-json\/wp\/v2\/pages\/1333\/revisions\/1365"}],"wp:attachment":[{"href":"https:\/\/zitt.ch\/en\/wp-json\/wp\/v2\/media?parent=1333"}],"curies":[{"name":"wp","href":"https:\/\/api.w.org\/{rel}","templated":true}]}}